{"id":8252,"date":"2025-06-17T20:40:50","date_gmt":"2025-06-17T19:40:50","guid":{"rendered":"https:\/\/vjeronauk.com\/?page_id=8252"},"modified":"2025-06-25T14:21:27","modified_gmt":"2025-06-25T13:21:27","slug":"kako-se-ispovijediti","status":"publish","type":"page","link":"https:\/\/vjeronauk.com\/?page_id=8252","title":{"rendered":"KAKO SE ISPOVIJEDITI"},"content":{"rendered":"\n<p>U ispovijedaonici (pred sve\u0107enikom)<\/p>\n\n\n\n<p><strong>Hvaljen Isus Marija! <\/strong>&#8211; Uvijek hvaljen!<br><strong>U ime Oca i Sina i Duha Svetoga. Amen. <\/strong><em>(dok to izgovara\u0161 \u010dini\u0161 znak kri\u017ea)<\/em><br><strong>\u017delim ispovjediti svoje grijeha koje sam u\u010dinio od posljednje ispovijedi koja je bila &#8230; <\/strong><em>(<\/em><em>reci kada).<\/em><\/p>\n\n\n\n<p><strong>Sagrije\u0161io sam: <\/strong>\u2013<em> govori\u0161 grijehe redom po to\u010dkama ispita savjesti;<br>\u2013 grijehe govori poluglasno (niti pretiho, niti preglasno);<br>\u2013 poku\u0161aj se sjetiti \u0161to vi\u0161e grijeha;<br>\u2013 govori uvijek istinu;<br>\u2013 ako ne zna\u0161 ne\u0161to o kr\u0161\u0107anskoj vjeri i Bogu, mo\u017ee\u0161 sve\u0107enika uvijek zamoliti da ti objasni.<br>Kad misli\u0161 da si sve rekao ka\u017ei: <\/em><strong>To je <\/strong><strong>sve \u010dega se sje\u0107am.<\/strong><\/p>\n\n\n\n<p>Sve\u0107enik \u0107e ti tada dati pokoru, to jest dobro djelo koje \u0107e\u0161 u\u010diniti kako bi pokazao Bogu da ti je doista \u017eao i da se \u017eeli\u0161 popraviti. <em>Pokoru dobro slu\u0161aj i zapamti je.<\/em><\/p>\n\n\n\n<p>Poslije toga sve\u0107enik \u0107e ti re\u0107i: &#8220;Sad se pokaj.&#8221;<\/p>\n\n\n\n<p><em>Tada moli\u0161 molitvu kajanja: <\/em><strong>Kajem se od svega srca \u0161to sam uvrijedio Boga najve\u0107e i najmilije dobro. Mrzim na sve svoje grijehe i \u010dvrsto odlu\u010dujem da \u0107u se popraviti i da ne\u0107u vi\u0161e grije\u0161iti.<\/strong><\/p>\n\n\n\n<p class=\"has-dark-gray-color has-text-color has-link-color wp-elements-7a386cb252b2b6b5cddf106ee3d84ab9\">Sve\u0107enik \u0107e ispru\u017eiti ruku i re\u0107i:<\/p>\n\n\n\n<p class=\"has-text-color has-link-color wp-elements-79bd2673fb27b9ac899e94b11836b136\" style=\"color:#6a0611\">Bog milosrdni Otac pomirio je sa sobom svijet<br>smr\u0107u i uskrsnu\u0107em svoga Sina<br>i izlio Duha Svetoga na otpu\u0161tenje grijeha.<br>Neka ti po slu\u017eenju Crkve on udijeli opro\u0161tenje i mir.<br>I ja te odrje\u0161ujem od grijeha tvojih.<br>U ime Oca i Sina i Duha Svetoga.<\/p>\n\n\n\n<p><em>Dok sve\u0107enik izgovara: U ime Oca i Sina i Duha Svetoga ti <\/em><strong>\u010dini\u0161 znak kri\u017ea na sebi, <\/strong>i odgovara\u0161: <strong>Amen.<\/strong><\/p>\n\n\n\n<p>Sve\u0107enik: Hvalite Gospodina jer je dobar.<\/p>\n\n\n\n<p>Odgovara\u0161: <strong>Jer je vje\u010dna ljubav njegova.<\/strong><\/p>\n\n\n\n<p>Sve\u0107enik: Bog ti otpustio grijehe tvoje. Idi u miru.<\/p>\n\n\n\n<p>Odgovara\u0161: <strong>Bogu hvala.<\/strong><\/p>\n\n\n\n<p><em>Ako si zaboravio pokoru zamoli sve\u0107enika neka ti ju ponovi.<\/em><\/p>\n\n\n\n<p>SVE RIJE\u010cI PISANE TAMNIM SLOVIMA TI IZGOVARA\u0160. KOSO PISANE RIJE\u010cI SU PODSJETNIK \u0160TO TREBA\u0160 \u010cINITI. SVE OSTALE RIJE\u010cI IZGOVARA SVE\u0106ENIK.<\/p>\n","protected":false},"excerpt":{"rendered":"<p>U ispovijedaonici (pred sve\u0107enikom) Hvaljen Isus Marija! &#8211; Uvijek hvaljen!U ime Oca i Sina i Duha Svetoga. Amen. (dok to izgovara\u0161 \u010dini\u0161 znak kri\u017ea)\u017delim ispovjediti svoje grijeha koje sam u\u010dinio od posljednje ispovijedi koja je bila &#8230; (reci kada). Sagrije\u0161io sam: \u2013 govori\u0161 grijehe redom po to\u010dkama ispita savjesti;\u2013 grijehe govori poluglasno (niti pretiho, niti &hellip; <a href=\"https:\/\/vjeronauk.com\/?page_id=8252\" class=\"more-link\">Nastavi \u010ditati <span class=\"screen-reader-text\">KAKO SE ISPOVIJEDITI<\/span><\/a><\/p>\n","protected":false},"author":7,"featured_media":0,"parent":0,"menu_order":0,"comment_status":"closed","ping_status":"closed","template":"","meta":{"footnotes":""},"class_list":["post-8252","page","type-page","status-publish","hentry"],"_links":{"self":[{"href":"https:\/\/vjeronauk.com\/index.php?rest_route=\/wp\/v2\/pages\/8252","targetHints":{"allow":["GET"]}}],"collection":[{"href":"https:\/\/vjeronauk.com\/index.php?rest_route=\/wp\/v2\/pages"}],"about":[{"href":"https:\/\/vjeronauk.com\/index.php?rest_route=\/wp\/v2\/types\/page"}],"author":[{"embeddable":true,"href":"https:\/\/vjeronauk.com\/index.php?rest_route=\/wp\/v2\/users\/7"}],"replies":[{"embeddable":true,"href":"https:\/\/vjeronauk.com\/index.php?rest_route=%2Fwp%2Fv2%2Fcomments&post=8252"}],"version-history":[{"count":4,"href":"https:\/\/vjeronauk.com\/index.php?rest_route=\/wp\/v2\/pages\/8252\/revisions"}],"predecessor-version":[{"id":8363,"href":"https:\/\/vjeronauk.com\/index.php?rest_route=\/wp\/v2\/pages\/8252\/revisions\/8363"}],"wp:attachment":[{"href":"https:\/\/vjeronauk.com\/index.php?rest_route=%2Fwp%2Fv2%2Fmedia&parent=8252"}],"curies":[{"name":"wp","href":"https:\/\/api.w.org\/{rel}","templated":true}]}}