{"id":2316,"date":"2020-12-14T23:02:26","date_gmt":"2020-12-14T23:02:26","guid":{"rendered":"https:\/\/molitva.vjeronauk.net\/?page_id=397"},"modified":"2024-06-16T22:47:04","modified_gmt":"2024-06-16T21:47:04","slug":"krunica-u-cast-bozanskog-milosrda","status":"publish","type":"page","link":"https:\/\/vjeronauk.com\/?page_id=2316","title":{"rendered":"KRUNICA U \u010cAST BO\u017dANSKOG MILOSR\u0110A"},"content":{"rendered":"\n<p class=\"has-dark-gray-color has-text-color has-link-color has-medium-font-size wp-elements-0333842b97d81f50e247c0550061cfe7\">Moli se na obi\u010dnoj krunici ovako:<br><em>Na prva tri zrnca moli se:<\/em><strong><em><br><\/em>O\u010de na\u0161, Zdravo Marijo, Vjerovanje apostolsko.<\/strong><br>Na svih pet desetica moli se:<br><em>&#8211; na velika zrnca:<\/em><strong><em><br><\/em>Vje\u010dni O\u010de, prikazujem Ti tijelo i krv, du\u0161u i bo\u017eanstvo preljubljenoga Sina Tvojega, Gospodina na\u0161ega Isusa Krista, kao zadovolj\u0161tinu za grijehe na\u0161e i cijeloga svijeta.<\/strong><br><em>&#8211; na mala zrnca (10\u00d7):<\/em><strong><em><br><\/em>Po njegovoj pregorkoj muci, budi milosrdan nama i cijelomu svijetu.<\/strong><\/p>\n\n\n\n<p class=\"has-dark-gray-color has-text-color has-link-color has-medium-font-size wp-elements-63b73d3042d35095c378a26dbe60a901\"><em>&#8211; na kraju krunice doda se (3<em>\u00d7<\/em>):<\/em><strong><em><br><\/em>Sveti Bo\u017ee, sveti jaki Bo\u017ee, sveti besmrtni Bo\u017ee, smiluj se nama i cijelomu svijetu.<\/strong><br><br>Zaklju\u010dna molitva:<br><strong>O Krvi i Vodo \u0161to potekoste iz Srca Isusova kao izvor milosr\u0111a za nas, uzdam se u tebe!<\/strong><br><strong>Marijo, Majko milosr\u0111a, moli za nas!<br>Isuse, uzdam se u tebe! (3\u00d7)<br>Smiluj se nama i cijelomu svijetu, Gospodine!<\/strong><\/p>\n\n\n\n<p class=\"has-medium-font-size\"><em>Na kraju do\u0111u zazivi Bo\u017ejem milosr\u0111u<\/em><br><br>Gospodine, smiluj se!<br>Kriste, smiluj se!<br>Gospodine, smiluj se!<br>Kriste, \u010duj nas!<br>Kriste, usli\u0161i nas!<br>O\u010de nebeski, Bo\u017ee, smiluj nam se!<br>Sine, Otkupitelju svijeta, Bo\u017ee, smiluj nam se!<br>Du\u0161e Sveti, Bo\u017ee, smiluj nam se!<br>Sveto Trojstvo, jedan Bo\u017ee, smiluj nam se!<br><br>Milosr\u0111e Bo\u017eje, ti neshvatljiva tajno Presvetoga Trojstva, <strong>uzdam se u Tebe<\/strong>.<br>Milosr\u0111e Bo\u017eje, ti izrazu Njegove najve\u0107e mo\u0107i, uzdam se u Tebe.<br>Milosr\u0111e Bo\u017eje, koje si se objavilo u stvaranju nebeskih duhova, uzdam se u Tebe.<br>Milosr\u0111e Bo\u017eje, koje si nas iz ni\u0161tavila pozvalo u \u017eivot, uzdam se u Tebe.<br>Milosr\u0111e Bo\u017eje, koje obuhva\u0107a\u0161 \u010ditav svijet, uzdam se u Tebe.<br>Milosr\u0111e Bo\u017eje, koje nam daruje\u0161 besmrtan \u017eivot, uzdam se u Tebe.<br>Milosr\u0111e Bo\u017eje, koje nas za\u0161ti\u0107uje\u0161 od zaslu\u017eenih kazna, uzdam se u Tebe.<br>Milosr\u0111e Bo\u017eje, koje nas osloba\u0111a\u0161 od bijede grijeha, uzdam se u Tebe.<br>Milosr\u0111e Bo\u017eje, koje nam u Rije\u010di \u0161to je Tijelo postala daruje\u0161 opravdanje, uzdam se u Tebe.<br>Milosr\u0111e Bo\u017eje, koje se na nas izlijeva\u0161 iz rana Kristovih, uzdam se u Tebe.<br>Milosr\u0111e Bo\u017eje, koje nam izvire\u0161 iz Presvetoga Srca, uzdam se u Tebe.<br>Milosr\u0111e Bo\u017eje, koje si nam dalo Presvetu Djevicu za Majku milosr\u0111a, uzdam se u Tebe.<br>Milosr\u0111e Bo\u017eje, vidljivo u ustanovljenju Crkve koja obuhva\u0107a cijeli svijet, uzdam se u Tebe.<br>Milosr\u0111e Bo\u017eje, vidljivo u ustanovljenju i dijeljenju svetih sakramenata, uzdam se u Tebe.<br>Milosr\u0111e Bo\u017eje, neograni\u010deno u sakramentu kr\u0161tenja i pokore, uzdam se u Tebe.<br>Milosr\u0111e Bo\u017eje, neizmjerno u sakramentu oltara i sve\u0107eni\u0161tva, uzdam se u Tebe.<br>Milosr\u0111e Bo\u017eje, koje si nas pozvalo k svetoj vjeri, uzdam se u Tebe.<br>Milosr\u0111e Bo\u017eje, u obra\u0107enju grje\u0161nika, uzdam se u Tebe.<br>Milosr\u0111e Bo\u017eje, koje posve\u0107uje\u0161 pravednike, uzdam se u Tebe.<br>Milosr\u0111e Bo\u017eje, koje usavr\u0161uje\u0161 svete, uzdam se u Tebe.<br>Milosr\u0111e Bo\u017eje, vrelo bolesnicima i patnicima, uzdam se u Tebe.<br>Milosr\u0111e Bo\u017eje, utjeho i blago svih onih koji su skr\u0161ena srca, uzdam se u Tebe.<br>Milosr\u0111e Bo\u017eje, ufanje onih koji o\u010dajavaju, uzdam se u Tebe.<br>Milosr\u0111e Bo\u017eje, koje uvijek i svugdje prati\u0161 sve ljude, uzdam se u Tebe.<br>Milosr\u0111e Bo\u017eje, koje nas ispunja\u0161 milostima, uzdam se u Tebe.<br>Milosr\u0111e Bo\u017eje, mire umiru\u0107ih, uzdam se u Tebe.<br>Milosr\u0111e Bo\u017eje, koje nas \u010duva\u0161 od paklenoga ognja, uzdam se u Tebe.<br>Milosr\u0111e Bo\u017eje, koje olak\u0161ava\u0161 patnje du\u0161ama u \u010distili\u0161tu, uzdam se u Tebe.<br>Milosr\u0111e Bo\u017eje, ti slasti i neizmjerna radosti sviju svetih, uzdam se u Tebe.<br>Milosr\u0111e Bo\u017eje, beskrajno u svim tajnama vjere, uzdam se u Tebe.<br>Milosr\u0111e Bo\u017eje, neiscrpivi izvore \u010dudesa, uzdam se u Tebe.<br>\u00a0<br><strong>P.<\/strong>\u00a0Bog je milosrdan i pun samilosti, spor na srd\u017ebu i pun dobrote.<br><strong>O<\/strong>. Zato \u0107u dovijeka klicati milosr\u0111u Bo\u017ejem.<br>\u00a0<br><strong>Pomolimo se:<\/strong><br>O, vje\u010dni Bo\u017ee, \u010dije je milosr\u0111e neistra\u017eivo i \u010dije je blago smilovanja neiscrpivo, milosno pogledaj na nas i umno\u017ei u nama svoje milosr\u0111e da u te\u0161kim trenucima ne o\u010dajavamo i ne budemo obeshrabreni, nego da se predamo s velikim povjerenjem u tvoju svetu volju, koja je sama ljubav i smilovanje! Po Gospodinu na\u0161emu Isusu Kristu, Kralju milosr\u0111a, koji nam s tobom i Duhom Svetim iskazuje milosr\u0111e u sve vijeke vjekova. Amen.<\/p>\n","protected":false},"excerpt":{"rendered":"<p>Moli se na obi\u010dnoj krunici ovako:Na prva tri zrnca moli se:O\u010de na\u0161, Zdravo Marijo, Vjerovanje apostolsko.Na svih pet desetica moli se:&#8211; na velika zrnca:Vje\u010dni O\u010de, prikazujem Ti tijelo i krv, du\u0161u i bo\u017eanstvo preljubljenoga Sina Tvojega, Gospodina na\u0161ega Isusa Krista, kao zadovolj\u0161tinu za grijehe na\u0161e i cijeloga svijeta.&#8211; na mala zrnca (10\u00d7):Po njegovoj pregorkoj muci, &hellip; <a href=\"https:\/\/vjeronauk.com\/?page_id=2316\" class=\"more-link\">Nastavi \u010ditati <span class=\"screen-reader-text\">KRUNICA U \u010cAST BO\u017dANSKOG MILOSR\u0110A<\/span><\/a><\/p>\n","protected":false},"author":7,"featured_media":0,"parent":0,"menu_order":0,"comment_status":"closed","ping_status":"closed","template":"","meta":{"footnotes":""},"class_list":["post-2316","page","type-page","status-publish","hentry"],"_links":{"self":[{"href":"https:\/\/vjeronauk.com\/index.php?rest_route=\/wp\/v2\/pages\/2316","targetHints":{"allow":["GET"]}}],"collection":[{"href":"https:\/\/vjeronauk.com\/index.php?rest_route=\/wp\/v2\/pages"}],"about":[{"href":"https:\/\/vjeronauk.com\/index.php?rest_route=\/wp\/v2\/types\/page"}],"author":[{"embeddable":true,"href":"https:\/\/vjeronauk.com\/index.php?rest_route=\/wp\/v2\/users\/7"}],"replies":[{"embeddable":true,"href":"https:\/\/vjeronauk.com\/index.php?rest_route=%2Fwp%2Fv2%2Fcomments&post=2316"}],"version-history":[{"count":8,"href":"https:\/\/vjeronauk.com\/index.php?rest_route=\/wp\/v2\/pages\/2316\/revisions"}],"predecessor-version":[{"id":2705,"href":"https:\/\/vjeronauk.com\/index.php?rest_route=\/wp\/v2\/pages\/2316\/revisions\/2705"}],"wp:attachment":[{"href":"https:\/\/vjeronauk.com\/index.php?rest_route=%2Fwp%2Fv2%2Fmedia&parent=2316"}],"curies":[{"name":"wp","href":"https:\/\/api.w.org\/{rel}","templated":true}]}}